{"id":1587,"date":"2020-12-29T11:39:30","date_gmt":"2020-12-29T10:39:30","guid":{"rendered":"http:\/\/www.campinglecernie.it\/des-offres\/"},"modified":"2022-01-27T11:14:13","modified_gmt":"2022-01-27T10:14:13","slug":"des-offres","status":"publish","type":"page","link":"https:\/\/www.campinglecernie.it\/fr\/des-offres\/","title":{"rendered":"DES OFFRES"},"content":{"rendered":"<section class=\"l-section wpb_row height_small with_img\"><div class=\"l-section-img\" style=\"background-image: url(https:\/\/www.campinglecernie.it\/wp-content\/uploads\/2021\/02\/camping-village-le-cernie-sardegna-slider-10.jpg);background-position: top center;background-repeat: no-repeat;\" data-img-width=\"1400\" data-img-height=\"703\"><\/div><div class=\"l-section-h i-cf\"><div class=\"g-cols vc_row type_default valign_middle\"><div class=\"vc_col-sm-12 wpb_column vc_column_container\"><div class=\"vc_column-inner\"><div class=\"wpb_wrapper\"><div class=\"ult-spacer spacer-69f465d789c28\" data-id=\"69f465d789c28\" data-height=\"400\" data-height-mobile=\"400\" data-height-tab=\"400\" data-height-tab-portrait=\"\" data-height-mobile-landscape=\"\" style=\"clear:both;display:block;\"><\/div><\/div><\/div><\/div><\/div><\/div><\/section><section class=\"l-section wpb_row height_small\"><div class=\"l-section-h i-cf\"><div class=\"g-cols vc_row type_default valign_top\"><div class=\"vc_col-sm-2 wpb_column vc_column_container\"><div class=\"vc_column-inner\"><div class=\"wpb_wrapper\"><\/div><\/div><\/div><div class=\"vc_col-sm-8 wpb_column vc_column_container\"><div class=\"vc_column-inner\"><div class=\"wpb_wrapper\"><div class=\"wpb_text_column us_custom_7d00128a has_text_color\" ><div class=\"wpb_wrapper\"><h1 style=\"text-align: center;\">DES OFFRES<\/h1>\n<\/div><\/div><div class=\"w-separator us_custom_4e55af8d size_small has_text_color with_line width_default thick_2 style_solid color_text align_center\"><div class=\"w-separator-h\"><\/div><\/div><div class=\"wpb_text_column\" ><div class=\"wpb_wrapper\"><h6 style=\"text-align: center;\">Nos meilleures offres pour diff\u00e9rents h\u00e9bergements<\/h6>\n<\/div><\/div><\/div><\/div><\/div><div class=\"vc_col-sm-2 wpb_column vc_column_container\"><div class=\"vc_column-inner\"><div class=\"wpb_wrapper\"><\/div><\/div><\/div><\/div><\/div><\/section><section class=\"l-section wpb_row height_auto\"><div class=\"l-section-h i-cf\"><div class=\"g-cols vc_row type_default valign_top\"><div class=\"vc_col-sm-12 wpb_column vc_column_container\"><div class=\"vc_column-inner\"><div class=\"wpb_wrapper\"><div class=\"wpb_text_column\" ><div class=\"wpb_wrapper\"><p style=\"text-align: center;\">Les offres ci-dessous sont des offres promotionnelles et ne peuvent pas \u00eatre modifi\u00e9es. Toutes les caract\u00e9ristiques et conditions de r\u00e9servation des installations disponibles sur le site restent valables, sauf indication contraire.<\/p>\n<\/div><\/div><div class=\"ult-spacer spacer-69f465d78abc0\" data-id=\"69f465d78abc0\" data-height=\"60\" data-height-mobile=\"60\" data-height-tab=\"60\" data-height-tab-portrait=\"\" data-height-mobile-landscape=\"\" style=\"clear:both;display:block;\"><\/div><\/div><\/div><\/div><\/div><\/div><\/section><section class=\"l-section wpb_row us_custom_a574d586 height_auto has_text_color with_shape\"><div class=\"l-section-shape type_wave pos_bottom hor_flip\" style=\"color:#053d63;height:7vh;\"><svg xmlns=\"http:\/\/www.w3.org\/2000\/svg\" viewBox=\"0 4 64 4\" preserveAspectRatio=\"none\" width=\"100%\" height=\"100%\">\r\n\t<path fill=\"currentColor\" d=\"M64 6 C32 0 32 12 0 6 L0 8 L64 8 Z\"\/>\r\n<\/svg><\/div><div class=\"l-section-h i-cf\"><div class=\"g-cols vc_row type_default valign_top\"><div class=\"vc_col-sm-2 wpb_column vc_column_container\"><div class=\"vc_column-inner\"><div class=\"wpb_wrapper\"><\/div><\/div><\/div><div class=\"vc_col-sm-8 wpb_column vc_column_container\"><div class=\"vc_column-inner\"><div class=\"wpb_wrapper\"><div class=\"ult-spacer spacer-69f465d78af87\" data-id=\"69f465d78af87\" data-height=\"5\" data-height-mobile=\"5\" data-height-tab=\"5\" data-height-tab-portrait=\"\" data-height-mobile-landscape=\"\" style=\"clear:both;display:block;\"><\/div><\/div><\/div><\/div><div class=\"vc_col-sm-2 wpb_column vc_column_container\"><div class=\"vc_column-inner\"><div class=\"wpb_wrapper\"><\/div><\/div><\/div><\/div><\/div><\/section><section class=\"l-section wpb_row us_custom_3d6abb55 height_auto with_shape\"><div class=\"l-section-shape type_wave pos_bottom hor_flip\" style=\"color:#ffffff;height:8vh;\"><svg xmlns=\"http:\/\/www.w3.org\/2000\/svg\" viewBox=\"0 4 64 4\" preserveAspectRatio=\"none\" width=\"100%\" height=\"100%\">\r\n\t<path fill=\"currentColor\" d=\"M64 6 C32 0 32 12 0 6 L0 8 L64 8 Z\"\/>\r\n<\/svg><\/div><div class=\"l-section-h i-cf\"><div class=\"g-cols vc_row type_default valign_top\"><div class=\"vc_col-sm-12 wpb_column vc_column_container\"><div class=\"vc_column-inner\"><div class=\"wpb_wrapper\"><div class=\"ult-spacer spacer-69f465d78b2b2\" data-id=\"69f465d78b2b2\" data-height=\"10\" data-height-mobile=\"10\" data-height-tab=\"10\" data-height-tab-portrait=\"\" data-height-mobile-landscape=\"\" style=\"clear:both;display:block;\"><\/div><\/div><\/div><\/div><\/div><\/div><\/section><section class=\"l-section wpb_row height_small\"><div class=\"l-section-h i-cf\"><div class=\"g-cols vc_row type_default valign_top\"><div class=\"vc_col-sm-12 wpb_column vc_column_container\"><div class=\"vc_column-inner\"><div class=\"wpb_wrapper\"><div class=\"wpb_text_column\" ><div class=\"wpb_wrapper\"><p style=\"text-align: center;\">Il n&rsquo;y a pas d&rsquo;offres pour le moment<\/p>\n<\/div><\/div><\/div><\/div><\/div><\/div><\/div><\/section>\n","protected":false},"excerpt":{"rendered":"DES OFFRES Nos meilleures offres pour diff\u00e9rents h\u00e9bergements Les offres ci-dessous sont des offres promotionnelles et ne peuvent pas \u00eatre modifi\u00e9es. Toutes les caract\u00e9ristiques et conditions de r\u00e9servation des installations disponibles sur le site restent valables, sauf indication contraire. Il n&rsquo;y a pas d&rsquo;offres pour le moment","protected":false},"author":2,"featured_media":0,"parent":0,"menu_order":0,"comment_status":"closed","ping_status":"closed","template":"","meta":[],"yoast_head":"<!-- This site is optimized with the Yoast SEO plugin v15.4 - https:\/\/yoast.com\/wordpress\/plugins\/seo\/ -->\n<title>Offres de camping Village Sardaigne Mare, Camping Ogliatra, Baunei<\/title>\n<meta name=\"description\" content=\"Camping Village sur la mer de Sardaigne, pr\u00e8s de Tortol\u00ec et Santa Maria Navarrese. Tant d&#039;activit\u00e9s, notamment: bike, escalade, p\u00eache, planche \u00e0 voile.\" \/>\n<meta name=\"robots\" content=\"index, follow, max-snippet:-1, max-image-preview:large, max-video-preview:-1\" \/>\n<link rel=\"canonical\" href=\"https:\/\/www.campinglecernie.it\/fr\/des-offres\/\" \/>\n<meta property=\"og:locale\" content=\"fr_FR\" \/>\n<meta property=\"og:type\" content=\"article\" \/>\n<meta property=\"og:title\" content=\"Offres de camping Village Sardaigne Mare, Camping Ogliatra, Baunei\" \/>\n<meta property=\"og:description\" content=\"Camping Village sur la mer de Sardaigne, pr\u00e8s de Tortol\u00ec et Santa Maria Navarrese. Tant d&#039;activit\u00e9s, notamment: bike, escalade, p\u00eache, planche \u00e0 voile.\" \/>\n<meta property=\"og:url\" content=\"https:\/\/www.campinglecernie.it\/fr\/des-offres\/\" \/>\n<meta property=\"og:site_name\" content=\"Camping le Cernie\" \/>\n<meta property=\"article:publisher\" content=\"https:\/\/www.facebook.com\/Camping-Village-Le-Cernie-111764305517571\" \/>\n<meta property=\"article:modified_time\" content=\"2022-01-27T10:14:13+00:00\" \/>\n<meta name=\"twitter:card\" content=\"summary_large_image\" \/>\n<meta name=\"twitter:label1\" content=\"\u00c9crit par\">\n\t<meta name=\"twitter:data1\" content=\"redazione\">\n\t<meta name=\"twitter:label2\" content=\"Dur\u00e9e de lecture est.\">\n\t<meta name=\"twitter:data2\" content=\"2 minutes\">\n<!-- \/ Yoast SEO plugin. -->","_links":{"self":[{"href":"https:\/\/www.campinglecernie.it\/fr\/wp-json\/wp\/v2\/pages\/1587"}],"collection":[{"href":"https:\/\/www.campinglecernie.it\/fr\/wp-json\/wp\/v2\/pages"}],"about":[{"href":"https:\/\/www.campinglecernie.it\/fr\/wp-json\/wp\/v2\/types\/page"}],"author":[{"embeddable":true,"href":"https:\/\/www.campinglecernie.it\/fr\/wp-json\/wp\/v2\/users\/2"}],"replies":[{"embeddable":true,"href":"https:\/\/www.campinglecernie.it\/fr\/wp-json\/wp\/v2\/comments?post=1587"}],"version-history":[{"count":0,"href":"https:\/\/www.campinglecernie.it\/fr\/wp-json\/wp\/v2\/pages\/1587\/revisions"}],"wp:attachment":[{"href":"https:\/\/www.campinglecernie.it\/fr\/wp-json\/wp\/v2\/media?parent=1587"}],"curies":[{"name":"wp","href":"https:\/\/api.w.org\/{rel}","templated":true}]}}