{"id":1582,"date":"2021-02-09T11:36:07","date_gmt":"2021-02-09T10:36:07","guid":{"rendered":"http:\/\/www.campinglecernie.it\/annonces\/"},"modified":"2022-01-27T11:21:43","modified_gmt":"2022-01-27T10:21:43","slug":"annonces","status":"publish","type":"page","link":"https:\/\/www.campinglecernie.it\/fr\/annonces\/","title":{"rendered":"ANNONCES"},"content":{"rendered":"<section class=\"l-section wpb_row height_small with_img\"><div class=\"l-section-img\" style=\"background-image: url(https:\/\/www.campinglecernie.it\/wp-content\/uploads\/2021\/02\/camping-village-le-cernie-sardegna-slider-17.jpg);background-position: top center;background-repeat: no-repeat;\" data-img-width=\"1800\" data-img-height=\"814\"><\/div><div class=\"l-section-h i-cf\"><div class=\"g-cols vc_row type_default valign_top\"><div class=\"vc_col-sm-12 wpb_column vc_column_container\"><div class=\"vc_column-inner\"><div class=\"wpb_wrapper\"><div class=\"ult-spacer spacer-69f2964a9670a\" data-id=\"69f2964a9670a\" data-height=\"400\" data-height-mobile=\"400\" data-height-tab=\"400\" data-height-tab-portrait=\"\" data-height-mobile-landscape=\"\" style=\"clear:both;display:block;\"><\/div><\/div><\/div><\/div><\/div><\/div><\/section><section class=\"l-section wpb_row height_small\"><div class=\"l-section-h i-cf\"><div class=\"g-cols vc_row type_default valign_top\"><div class=\"vc_col-sm-2 wpb_column vc_column_container\"><div class=\"vc_column-inner\"><div class=\"wpb_wrapper\"><\/div><\/div><\/div><div class=\"vc_col-sm-8 wpb_column vc_column_container\"><div class=\"vc_column-inner\"><div class=\"wpb_wrapper\"><div class=\"wpb_text_column us_custom_7d00128a has_text_color\" ><div class=\"wpb_wrapper\"><h1 style=\"text-align: center;\">ANNONCES<\/h1>\n<\/div><\/div><div class=\"w-separator us_custom_4e55af8d size_small has_text_color with_line width_default thick_2 style_solid color_text align_center\"><div class=\"w-separator-h\"><\/div><\/div><div class=\"wpb_text_column\" ><div class=\"wpb_wrapper\"><h5 style=\"text-align: center;\">Ici vous pouvez trouver toutes les nouvelles et en savoir plus<br \/>\nsur Camping le Cernie<\/h5>\n<\/div><\/div><div class=\"ult-spacer spacer-69f2964a974fb\" data-id=\"69f2964a974fb\" data-height=\"20\" data-height-mobile=\"20\" data-height-tab=\"20\" data-height-tab-portrait=\"\" data-height-mobile-landscape=\"\" style=\"clear:both;display:block;\"><\/div><\/div><\/div><\/div><div class=\"vc_col-sm-2 wpb_column vc_column_container\"><div class=\"vc_column-inner\"><div class=\"wpb_wrapper\"><\/div><\/div><\/div><\/div><\/div><\/section><section class=\"l-section wpb_row us_custom_c70c97eb height_small\"><div class=\"l-section-h i-cf\"><div class=\"g-cols vc_row type_default valign_middle\"><div class=\"vc_col-sm-12 wpb_column vc_column_container\"><div class=\"vc_column-inner\"><div class=\"wpb_wrapper\"><div class=\"w-grid type_grid layout_1851 cols_2 overflow_hidden with_filters\" id=\"us_grid_1\" data-grid-filter=\"false\"><style id=\"us_grid_1_css\">#us_grid_1 .w-grid-item{padding:0.8rem}#us_grid_1 .w-grid-list{margin:0.8rem -0.8rem -0.8rem}.w-grid + #us_grid_1 .w-grid-list{margin-top:0.8rem}@media (max-width:599px){#us_grid_1 .w-grid-list{margin:0}#us_grid_1 .w-grid-item{width:100%;padding:0;margin-bottom:0.8rem}}<\/style><style>.layout_1851 .w-grid-item-h{background:#333;border-radius:0.3rem;z-index:3;box-shadow:0 0.03rem 0.06rem rgba(0,0,0,0.1),0 0.10rem 0.30rem rgba(0,0,0,0.1);transition-duration:0.3s}.no-touch .layout_1851 .w-grid-item-h:hover{box-shadow:0 0.12rem 0.24rem rgba(0,0,0,0.1),0 0.40rem 1.20rem rgba(0,0,0,0.15);z-index:4}.layout_1851 .usg_post_image_1{transition-duration:0.3s;transform-origin:50% 50%;transform:scale(1) translate(0%,0%)}.layout_1851 .w-grid-item-h:hover .usg_post_image_1{transform:scale(1.20) translate(0%,0%);opacity:0.8}.layout_1851 .usg_vwrapper_1{position:absolute!important;right:0!important;bottom:0!important;left:0!important;background:linear-gradient(transparent, rgba(30,30,30,0.8))!important;padding:15% 7% 7% 7%!important}.layout_1851 .usg_post_title_1{color:#fff!important;font-size:1.4rem!important;font-weight:700!important}@media (max-width:599px){.layout_1851 .usg_post_title_1{font-size:1.2rem!important}}<\/style><div class=\"g-filters style_3 align_center\"><div class=\"g-filters-list\"><a class=\"g-filters-item active\" href=\"javascript:void(0)\" data-taxonomy=\"*\"><span>Tous<\/span><\/a><a class=\"g-filters-item\" href=\"javascript:void(0)\" data-taxonomy=\"notre-histoire\" data-amount=\"2\"><span>Notre histoire<\/span><span class=\"g-filters-item-amount\">2<\/span><\/a><a class=\"g-filters-item\" href=\"javascript:void(0)\" data-taxonomy=\"ogliastra-et-ses-environs\" data-amount=\"1\"><span>Ogliastra et ses environs<\/span><span class=\"g-filters-item-amount\">1<\/span><\/a><\/div><\/div><div class=\"w-grid-list\"  data-filter_taxonomy_name=\"us_portfolio_tag\"><article class=\"w-grid-item size_1x1 post-1460 us_portfolio type-us_portfolio status-publish has-post-thumbnail hentry us_portfolio_category-annonces us_portfolio_tag-notre-histoire\" data-id=\"1460\">\r\n\t<div class=\"w-grid-item-h\">\r\n\t\t\t\t<div class=\"w-post-elm post_image usg_post_image_1 has_ratio\"><div style=\"padding-bottom:66.6667%\"><\/div><a href=\"https:\/\/www.campinglecernie.it\/fr\/sardegna\/les-origines-du-nom\/\" aria-label=\"LES ORIGINES DU NOM\"><img width=\"1024\" height=\"683\" src=\"data:image\/svg+xml,%3Csvg xmlns=%22http:\/\/www.w3.org\/2000\/svg%22 viewBox=%220 0 1024 683%22%3E%3C\/svg%3E\" data-lazy-type=\"image\" data-src=\"https:\/\/www.campinglecernie.it\/wp-content\/uploads\/2021\/02\/camping-village-le-cernie-sardegna-slider-18-1024x683.jpg\" class=\"lazy lazy-hidden attachment-large size-large wp-post-image\" alt=\"\" srcset=\"\" data-srcset=\"https:\/\/www.campinglecernie.it\/wp-content\/uploads\/2021\/02\/camping-village-le-cernie-sardegna-slider-18-1024x683.jpg 1024w, https:\/\/www.campinglecernie.it\/wp-content\/uploads\/2021\/02\/camping-village-le-cernie-sardegna-slider-18-300x200.jpg 300w, https:\/\/www.campinglecernie.it\/wp-content\/uploads\/2021\/02\/camping-village-le-cernie-sardegna-slider-18.jpg 1800w\" sizes=\"(max-width: 1024px) 100vw, 1024px\" \/><\/a><\/div><div class=\"w-vwrapper usg_vwrapper_1 align_left valign_top\"><h2 class=\"w-post-elm post_title usg_post_title_1 entry-title color_link_inherit has_text_color\"><a href=\"https:\/\/www.campinglecernie.it\/fr\/sardegna\/les-origines-du-nom\/\">LES ORIGINES DU NOM<\/a><\/h2><a class=\"w-btn us-btn-style_1 usg_btn_1\" href=\"https:\/\/www.campinglecernie.it\/fr\/sardegna\/les-origines-du-nom\/\"><span class=\"w-btn-label\">En savoir plus<\/span><\/a><\/div>\t<\/div>\r\n<\/article>\r\n<article class=\"w-grid-item size_1x1 post-1464 us_portfolio type-us_portfolio status-publish has-post-thumbnail hentry us_portfolio_category-annonces us_portfolio_tag-ogliastra-et-ses-environs\" data-id=\"1464\">\r\n\t<div class=\"w-grid-item-h\">\r\n\t\t\t\t<div class=\"w-post-elm post_image usg_post_image_1 has_ratio\"><div style=\"padding-bottom:66.6667%\"><\/div><a href=\"https:\/\/www.campinglecernie.it\/fr\/sardegna\/diving-center-s-maria-navarrese\/\" aria-label=\"DIVING CENTER S. MARIA NAVARRESE\"><img width=\"1024\" height=\"768\" src=\"data:image\/svg+xml,%3Csvg xmlns=%22http:\/\/www.w3.org\/2000\/svg%22 viewBox=%220 0 1024 768%22%3E%3C\/svg%3E\" data-lazy-type=\"image\" data-src=\"https:\/\/www.campinglecernie.it\/wp-content\/uploads\/2020\/11\/camping-village-le-cernie-sardegna-itinerari-diving-snorkeling-01.jpg\" class=\"lazy lazy-hidden attachment-large size-large wp-post-image\" alt=\"\" srcset=\"\" data-srcset=\"https:\/\/www.campinglecernie.it\/wp-content\/uploads\/2020\/11\/camping-village-le-cernie-sardegna-itinerari-diving-snorkeling-01.jpg 1024w, https:\/\/www.campinglecernie.it\/wp-content\/uploads\/2020\/11\/camping-village-le-cernie-sardegna-itinerari-diving-snorkeling-01-300x225.jpg 300w\" sizes=\"(max-width: 1024px) 100vw, 1024px\" \/><\/a><\/div><div class=\"w-vwrapper usg_vwrapper_1 align_left valign_top\"><h2 class=\"w-post-elm post_title usg_post_title_1 entry-title color_link_inherit has_text_color\"><a href=\"https:\/\/www.campinglecernie.it\/fr\/sardegna\/diving-center-s-maria-navarrese\/\">DIVING CENTER S. MARIA NAVARRESE<\/a><\/h2><a class=\"w-btn us-btn-style_1 usg_btn_1\" href=\"https:\/\/www.campinglecernie.it\/fr\/sardegna\/diving-center-s-maria-navarrese\/\"><span class=\"w-btn-label\">En savoir plus<\/span><\/a><\/div>\t<\/div>\r\n<\/article>\r\n<article class=\"w-grid-item size_1x1 post-1468 us_portfolio type-us_portfolio status-publish has-post-thumbnail hentry us_portfolio_category-annonces us_portfolio_tag-notre-histoire\" data-id=\"1468\">\r\n\t<div class=\"w-grid-item-h\">\r\n\t\t\t\t<div class=\"w-post-elm post_image usg_post_image_1 has_ratio\"><div style=\"padding-bottom:66.6667%\"><\/div><a href=\"https:\/\/www.campinglecernie.it\/fr\/sardegna\/les-origines\/\" aria-label=\"LES ORIGINES\"><img width=\"1024\" height=\"683\" src=\"data:image\/svg+xml,%3Csvg xmlns=%22http:\/\/www.w3.org\/2000\/svg%22 viewBox=%220 0 1024 683%22%3E%3C\/svg%3E\" data-lazy-type=\"image\" data-src=\"https:\/\/www.campinglecernie.it\/wp-content\/uploads\/2021\/01\/camping-village-le-cernie-sardegna-offerte-01-1024x683.jpg\" class=\"lazy lazy-hidden attachment-large size-large wp-post-image\" alt=\"\" srcset=\"\" data-srcset=\"https:\/\/www.campinglecernie.it\/wp-content\/uploads\/2021\/01\/camping-village-le-cernie-sardegna-offerte-01-1024x683.jpg 1024w, https:\/\/www.campinglecernie.it\/wp-content\/uploads\/2021\/01\/camping-village-le-cernie-sardegna-offerte-01-300x200.jpg 300w, https:\/\/www.campinglecernie.it\/wp-content\/uploads\/2021\/01\/camping-village-le-cernie-sardegna-offerte-01.jpg 1800w\" sizes=\"(max-width: 1024px) 100vw, 1024px\" \/><\/a><\/div><div class=\"w-vwrapper usg_vwrapper_1 align_left valign_top\"><h2 class=\"w-post-elm post_title usg_post_title_1 entry-title color_link_inherit has_text_color\"><a href=\"https:\/\/www.campinglecernie.it\/fr\/sardegna\/les-origines\/\">LES ORIGINES<\/a><\/h2><a class=\"w-btn us-btn-style_1 usg_btn_1\" href=\"https:\/\/www.campinglecernie.it\/fr\/sardegna\/les-origines\/\"><span class=\"w-btn-label\">En savoir plus<\/span><\/a><\/div>\t<\/div>\r\n<\/article>\r\n<\/div><div class=\"w-grid-preloader\"><div class=\"g-preloader type_1\">\r\n\t<div><\/div>\r\n<\/div>\r\n<\/div>\t<div class=\"w-grid-json hidden\" onclick='return {&quot;action&quot;:&quot;us_ajax_grid&quot;,&quot;ajax_url&quot;:&quot;https:\\\/\\\/www.campinglecernie.it\\\/wp-admin\\\/admin-ajax.php&quot;,&quot;infinite_scroll&quot;:0,&quot;max_num_pages&quot;:1,&quot;pagination&quot;:&quot;none&quot;,&quot;permalink_url&quot;:&quot;https:\\\/\\\/www.campinglecernie.it\\\/fr\\\/wp-json\\\/wp\\\/v2\\\/pages\\\/1582\\\/&quot;,&quot;template_vars&quot;:{&quot;columns&quot;:&quot;2&quot;,&quot;exclude_items&quot;:&quot;none&quot;,&quot;img_size&quot;:&quot;default&quot;,&quot;ignore_items_size&quot;:false,&quot;items_layout&quot;:&quot;1851&quot;,&quot;items_offset&quot;:&quot;1&quot;,&quot;load_animation&quot;:&quot;none&quot;,&quot;overriding_link&quot;:&quot;none&quot;,&quot;post_id&quot;:1582,&quot;query_args&quot;:{&quot;post_type&quot;:[&quot;us_portfolio&quot;],&quot;tax_query&quot;:[{&quot;taxonomy&quot;:&quot;us_portfolio_category&quot;,&quot;field&quot;:&quot;slug&quot;,&quot;terms&quot;:[&quot;annonces&quot;]}],&quot;post_status&quot;:[&quot;publish&quot;],&quot;orderby&quot;:{&quot;date&quot;:&quot;DESC&quot;},&quot;posts_per_page&quot;:&quot;100&quot;},&quot;type&quot;:&quot;grid&quot;,&quot;us_grid_ajax_index&quot;:1,&quot;us_grid_filter_params&quot;:null,&quot;us_grid_index&quot;:1,&quot;_us_grid_post_type&quot;:&quot;us_portfolio&quot;,&quot;lang&quot;:&quot;fr&quot;}}'><\/div>\r\n<\/div><\/div><\/div><\/div><\/div><\/div><\/section>\n","protected":false},"excerpt":{"rendered":"LES ORIGINES Notre histoire9 f\u00e9vrier 2021Le camping \u00ab\u00a0Le Cernie\u00a0\u00bb a \u00e9t\u00e9 fond\u00e9 en 1970 par la volont\u00e9 de Claudio Sileoni, plongeur passionn\u00e9 n\u00e9 en 1945, qui est toujours \u00e0 la t\u00eate de cette entreprise aujourd&rsquo;hui. Il est situ\u00e9 en bord de mer, sous une pin\u00e8de de 45 ans, et a \u00e9t\u00e9 r\u00e9nov\u00e9 dans tous ses...","protected":false},"author":2,"featured_media":0,"parent":0,"menu_order":0,"comment_status":"closed","ping_status":"closed","template":"","meta":[],"yoast_head":"<!-- This site is optimized with the Yoast SEO plugin v15.4 - https:\/\/yoast.com\/wordpress\/plugins\/seo\/ -->\n<title>News Camping Le Cernie, Camping \u00e0 Ogliatra, Santa Maria Navarrese<\/title>\n<meta name=\"description\" content=\"D\u00e9couvrez toutes les nouvelles du Camping Village Le Cernie, situ\u00e9e sur la mer d&#039;Ogliastra, non loin de Santa Maria Navarrese, Sardaigne.\" \/>\n<meta name=\"robots\" content=\"index, follow, max-snippet:-1, max-image-preview:large, max-video-preview:-1\" \/>\n<link rel=\"canonical\" href=\"https:\/\/www.campinglecernie.it\/fr\/annonces\/\" \/>\n<meta property=\"og:locale\" content=\"fr_FR\" \/>\n<meta property=\"og:type\" content=\"article\" \/>\n<meta property=\"og:title\" content=\"News Camping Le Cernie, Camping \u00e0 Ogliatra, Santa Maria Navarrese\" \/>\n<meta property=\"og:description\" content=\"D\u00e9couvrez toutes les nouvelles du Camping Village Le Cernie, situ\u00e9e sur la mer d&#039;Ogliastra, non loin de Santa Maria Navarrese, Sardaigne.\" \/>\n<meta property=\"og:url\" content=\"https:\/\/www.campinglecernie.it\/fr\/annonces\/\" \/>\n<meta property=\"og:site_name\" content=\"Camping le Cernie\" \/>\n<meta property=\"article:publisher\" content=\"https:\/\/www.facebook.com\/Camping-Village-Le-Cernie-111764305517571\" \/>\n<meta property=\"article:modified_time\" content=\"2022-01-27T10:21:43+00:00\" \/>\n<meta name=\"twitter:card\" content=\"summary_large_image\" \/>\n<meta name=\"twitter:label1\" content=\"\u00c9crit par\">\n\t<meta name=\"twitter:data1\" content=\"redazione\">\n\t<meta name=\"twitter:label2\" content=\"Dur\u00e9e de lecture est.\">\n\t<meta name=\"twitter:data2\" content=\"1 minute\">\n<!-- \/ Yoast SEO plugin. -->","_links":{"self":[{"href":"https:\/\/www.campinglecernie.it\/fr\/wp-json\/wp\/v2\/pages\/1582"}],"collection":[{"href":"https:\/\/www.campinglecernie.it\/fr\/wp-json\/wp\/v2\/pages"}],"about":[{"href":"https:\/\/www.campinglecernie.it\/fr\/wp-json\/wp\/v2\/types\/page"}],"author":[{"embeddable":true,"href":"https:\/\/www.campinglecernie.it\/fr\/wp-json\/wp\/v2\/users\/2"}],"replies":[{"embeddable":true,"href":"https:\/\/www.campinglecernie.it\/fr\/wp-json\/wp\/v2\/comments?post=1582"}],"version-history":[{"count":0,"href":"https:\/\/www.campinglecernie.it\/fr\/wp-json\/wp\/v2\/pages\/1582\/revisions"}],"wp:attachment":[{"href":"https:\/\/www.campinglecernie.it\/fr\/wp-json\/wp\/v2\/media?parent=1582"}],"curies":[{"name":"wp","href":"https:\/\/api.w.org\/{rel}","templated":true}]}}