{"id":1650,"date":"2020-12-29T11:39:30","date_gmt":"2020-12-29T10:39:30","guid":{"rendered":"http:\/\/www.campinglecernie.it\/bietet-an\/"},"modified":"2025-01-07T22:24:16","modified_gmt":"2025-01-07T21:24:16","slug":"bietet-an","status":"publish","type":"page","link":"https:\/\/www.campinglecernie.it\/de\/bietet-an\/","title":{"rendered":"BIETET AN"},"content":{"rendered":"<section class=\"l-section wpb_row height_small with_img\"><div class=\"l-section-img\" style=\"background-image: url(https:\/\/www.campinglecernie.it\/wp-content\/uploads\/2021\/02\/camping-village-le-cernie-sardegna-slider-10.jpg);background-position: top center;background-repeat: no-repeat;\" data-img-width=\"1400\" data-img-height=\"703\"><\/div><div class=\"l-section-h i-cf\"><div class=\"g-cols vc_row type_default valign_middle\"><div class=\"vc_col-sm-12 wpb_column vc_column_container\"><div class=\"vc_column-inner\"><div class=\"wpb_wrapper\"><div class=\"ult-spacer spacer-6a0726d3e2868\" data-id=\"6a0726d3e2868\" data-height=\"400\" data-height-mobile=\"400\" data-height-tab=\"400\" data-height-tab-portrait=\"\" data-height-mobile-landscape=\"\" style=\"clear:both;display:block;\"><\/div><\/div><\/div><\/div><\/div><\/div><\/section><section class=\"l-section wpb_row height_small\"><div class=\"l-section-h i-cf\"><div class=\"g-cols vc_row type_default valign_top\"><div class=\"vc_col-sm-2 wpb_column vc_column_container\"><div class=\"vc_column-inner\"><div class=\"wpb_wrapper\"><\/div><\/div><\/div><div class=\"vc_col-sm-8 wpb_column vc_column_container\"><div class=\"vc_column-inner\"><div class=\"wpb_wrapper\"><div class=\"wpb_text_column us_custom_7d00128a has_text_color\" ><div class=\"wpb_wrapper\"><h1 style=\"text-align: center;\">BIETET AN<\/h1>\n<\/div><\/div><div class=\"w-separator us_custom_4e55af8d size_small has_text_color with_line width_default thick_2 style_solid color_text align_center\"><div class=\"w-separator-h\"><\/div><\/div><div class=\"wpb_text_column\" ><div class=\"wpb_wrapper\"><h6 style=\"text-align: center;\">Unsere besten Angebote f\u00fcr verschiedene Unterk\u00fcnfte<\/h6>\n<\/div><\/div><\/div><\/div><\/div><div class=\"vc_col-sm-2 wpb_column vc_column_container\"><div class=\"vc_column-inner\"><div class=\"wpb_wrapper\"><\/div><\/div><\/div><\/div><\/div><\/section><section class=\"l-section wpb_row us_custom_c70c97eb height_small\"><div class=\"l-section-h i-cf\"><div class=\"g-cols vc_row type_default valign_middle\"><div class=\"vc_col-sm-12 wpb_column vc_column_container\"><div class=\"vc_column-inner\"><div class=\"wpb_wrapper\"><div class=\"wpb_text_column\" ><div class=\"wpb_wrapper\"><h2 style=\"text-align: left;\">ANGEBOTE <span style=\"color: #0091f5;\"><strong>F\u00dcR DIE NIEDRIGSAISON 2025<\/strong><\/span><\/h2>\n<\/div><\/div><div class=\"wpb_text_column\" ><div class=\"wpb_wrapper\"><h6 style=\"text-align: left;\">APRIL &#8211; MAI &amp; SEPTEMBER &#8211; OKTOBER<\/h6>\n<\/div><\/div><div class=\"wpb_text_column\" ><div class=\"wpb_wrapper\"><p>Angebot g\u00fcltig vom 1. April bis 17. Mai und vom 27. September bis 31. Oktober f\u00fcr die Lux Clima Mobilheime und die Millenium Stellpl\u00e4tze:<\/p>\n<ul>\n<li>-10% bei mindestens 7 N\u00e4chten<\/li>\n<li>-15% bei mindestens 10 N\u00e4chten<\/li>\n<\/ul>\n<p>Die Buchung ist nur f\u00fcr neue Kunden verf\u00fcgbar, gilt nicht f\u00fcr Stellpl\u00e4tze in Meeresn\u00e4he und ist nur g\u00fcltig, wenn sie \u00fcber unsere Website www.campinglecernie.it vorgenommen wird.<\/p>\n<p>Clicca su PRENOTA ORA, inserisci le date del tuo soggiorno e visualizza Klicken Sie auf BUCH, geben Sie Ihre Aufenthaltsdaten ein und sehen Sie den direkt reduzierten Preis!<\/p>\n<\/div><\/div><div class=\"w-separator us_custom_a574d586 size_small has_text_color with_line width_default thick_2 style_solid color_text align_center\"><div class=\"w-separator-h\"><\/div><\/div><\/div><\/div><\/div><\/div><\/div><\/section>\n","protected":false},"excerpt":{"rendered":"BIETET AN Unsere besten Angebote f\u00fcr verschiedene Unterk\u00fcnfte ANGEBOTE F\u00dcR DIE NIEDRIGSAISON 2025 APRIL &#8211; MAI &amp; SEPTEMBER &#8211; OKTOBER Angebot g\u00fcltig vom 1. April bis 17. Mai und vom 27. September bis 31. Oktober f\u00fcr die Lux Clima Mobilheime und die Millenium Stellpl\u00e4tze: -10% bei mindestens 7 N\u00e4chten -15% bei mindestens 10 N\u00e4chten Die...","protected":false},"author":2,"featured_media":0,"parent":0,"menu_order":0,"comment_status":"closed","ping_status":"closed","template":"","meta":[],"yoast_head":"<!-- This site is optimized with the Yoast SEO plugin v15.4 - https:\/\/yoast.com\/wordpress\/plugins\/seo\/ -->\n<title>Campingplatz Tortol\u00ec Sardinien, Campingplatz Meer Ogliastra<\/title>\n<meta name=\"description\" content=\"Entdecken Sie die besten Angebote von Camping Le Cernie, um einen Urlaub in Sardinien auf dem Meer zu erleben. N\u00e4he von Baunei und Tortol\u00ec.\" \/>\n<meta name=\"robots\" content=\"index, follow, max-snippet:-1, max-image-preview:large, max-video-preview:-1\" \/>\n<link rel=\"canonical\" href=\"https:\/\/www.campinglecernie.it\/de\/bietet-an\/\" \/>\n<meta property=\"og:locale\" content=\"de_DE\" \/>\n<meta property=\"og:type\" content=\"article\" \/>\n<meta property=\"og:title\" content=\"Campingplatz Tortol\u00ec Sardinien, Campingplatz Meer Ogliastra\" \/>\n<meta property=\"og:description\" content=\"Entdecken Sie die besten Angebote von Camping Le Cernie, um einen Urlaub in Sardinien auf dem Meer zu erleben. N\u00e4he von Baunei und Tortol\u00ec.\" \/>\n<meta property=\"og:url\" content=\"https:\/\/www.campinglecernie.it\/de\/bietet-an\/\" \/>\n<meta property=\"og:site_name\" content=\"Camping le Cernie\" \/>\n<meta property=\"article:publisher\" content=\"https:\/\/www.facebook.com\/Camping-Village-Le-Cernie-111764305517571\" \/>\n<meta property=\"article:modified_time\" content=\"2025-01-07T21:24:16+00:00\" \/>\n<meta name=\"twitter:card\" content=\"summary_large_image\" \/>\n<meta name=\"twitter:label1\" content=\"Verfasst von\">\n\t<meta name=\"twitter:data1\" content=\"redazione\">\n\t<meta name=\"twitter:label2\" content=\"Gesch\u00e4tzte Lesezeit\">\n\t<meta name=\"twitter:data2\" content=\"2\u00a0Minuten\">\n<!-- \/ Yoast SEO plugin. -->","_links":{"self":[{"href":"https:\/\/www.campinglecernie.it\/de\/wp-json\/wp\/v2\/pages\/1650"}],"collection":[{"href":"https:\/\/www.campinglecernie.it\/de\/wp-json\/wp\/v2\/pages"}],"about":[{"href":"https:\/\/www.campinglecernie.it\/de\/wp-json\/wp\/v2\/types\/page"}],"author":[{"embeddable":true,"href":"https:\/\/www.campinglecernie.it\/de\/wp-json\/wp\/v2\/users\/2"}],"replies":[{"embeddable":true,"href":"https:\/\/www.campinglecernie.it\/de\/wp-json\/wp\/v2\/comments?post=1650"}],"version-history":[{"count":0,"href":"https:\/\/www.campinglecernie.it\/de\/wp-json\/wp\/v2\/pages\/1650\/revisions"}],"wp:attachment":[{"href":"https:\/\/www.campinglecernie.it\/de\/wp-json\/wp\/v2\/media?parent=1650"}],"curies":[{"name":"wp","href":"https:\/\/api.w.org\/{rel}","templated":true}]}}