{"id":1640,"date":"2020-12-29T09:40:53","date_gmt":"2020-12-29T08:40:53","guid":{"rendered":"http:\/\/www.campinglecernie.it\/preisliste\/"},"modified":"2026-01-26T01:05:12","modified_gmt":"2026-01-26T00:05:12","slug":"preisliste","status":"publish","type":"page","link":"https:\/\/www.campinglecernie.it\/de\/preisliste\/","title":{"rendered":"PREISLISTE"},"content":{"rendered":"<section class=\"l-section wpb_row height_small with_img\"><div class=\"l-section-img\" style=\"background-image: url(https:\/\/www.campinglecernie.it\/wp-content\/uploads\/2021\/01\/camping-village-le-cernie-sardegna-listino-prezzi-01.jpg);background-repeat: no-repeat;\" data-img-width=\"1800\" data-img-height=\"834\"><\/div><div class=\"l-section-h i-cf\"><div class=\"g-cols vc_row type_default valign_middle\"><div class=\"vc_col-sm-8 wpb_column vc_column_container\"><div class=\"vc_column-inner\"><div class=\"wpb_wrapper\"><div class=\"ult-spacer spacer-69e7a176c43a4\" data-id=\"69e7a176c43a4\" data-height=\"400\" data-height-mobile=\"400\" data-height-tab=\"400\" data-height-tab-portrait=\"\" data-height-mobile-landscape=\"\" style=\"clear:both;display:block;\"><\/div><\/div><\/div><\/div><div class=\"vc_col-sm-4 wpb_column vc_column_container\"><div class=\"vc_column-inner\"><div class=\"wpb_wrapper\"><\/div><\/div><\/div><\/div><\/div><\/section><section class=\"l-section wpb_row height_small\"><div class=\"l-section-h i-cf\"><div class=\"g-cols vc_row type_default valign_top\"><div class=\"vc_col-sm-2 wpb_column vc_column_container\"><div class=\"vc_column-inner\"><div class=\"wpb_wrapper\"><\/div><\/div><\/div><div class=\"vc_col-sm-8 wpb_column vc_column_container\"><div class=\"vc_column-inner\"><div class=\"wpb_wrapper\"><div class=\"wpb_text_column us_custom_7d00128a has_text_color\" ><div class=\"wpb_wrapper\"><h1 style=\"text-align: center;\">PREISLISTE<\/h1>\n<\/div><\/div><div class=\"w-separator us_custom_4e55af8d size_small has_text_color with_line width_default thick_2 style_solid color_text align_center\"><div class=\"w-separator-h\"><\/div><\/div><div class=\"wpb_text_column\" ><div class=\"wpb_wrapper\"><h5 style=\"text-align: center;\">Hier finden Sie alle aktuellen und vergangenen Preislisten<\/h5>\n<\/div><\/div><div class=\"ult-spacer spacer-69e7a176cf0a4\" data-id=\"69e7a176cf0a4\" data-height=\"20\" data-height-mobile=\"20\" data-height-tab=\"20\" data-height-tab-portrait=\"\" data-height-mobile-landscape=\"\" style=\"clear:both;display:block;\"><\/div><\/div><\/div><\/div><div class=\"vc_col-sm-2 wpb_column vc_column_container\"><div class=\"vc_column-inner\"><div class=\"wpb_wrapper\"><\/div><\/div><\/div><\/div><\/div><\/section><section class=\"l-section wpb_row us_custom_c70c97eb height_small\"><div class=\"l-section-h i-cf\"><div class=\"g-cols vc_row type_default valign_middle\"><div class=\"vc_col-sm-12 wpb_column vc_column_container\"><div class=\"vc_column-inner\"><div class=\"wpb_wrapper\"><div class=\"wpb_text_column us_custom_6745946f has_text_color\" ><div class=\"wpb_wrapper\"><h3 style=\"text-align: center;\"><b>PREISLISTE n.1\/2026<\/b><\/h3>\n<\/div><\/div><div class=\"wpb_text_column\" ><div class=\"wpb_wrapper\"><p>G\u00fcltig f\u00fcr Buchungen vom 01.01.2026<\/p>\n<p>Die Preise in dieser Preisliste gelten nur f\u00fcr Buchungen \u00fcber das Internet auf unserer Seite. Sie enthalten 10% MwSt. Und die Kurtaxe ist nicht enthalten.<\/p>\n<p>F\u00fcr diejenigen, die nicht buchen, gelten die in der Richtung bei der Ankunft angezeigten Preise, die von der Internet-Preisliste abweichen k\u00f6nnen.<\/p>\n<\/div><\/div><div class=\"w-btn-wrapper width_auto align_center\"><a class=\"w-btn us-btn-style_1\" title=\"VERMIETUNG E-BIKE\" target=\"_blank\" href=\"https:\/\/www.campinglecernie.it\/wp-content\/uploads\/2026\/01\/2026-n.-1-Priceliste-Camping-le-Cernie-DE.pdf\" rel=\"noopener\"><span class=\"w-btn-label\">Laden Sie die Preisliste n.1\/2026 herunter<\/span><\/a><\/div><div class=\"ult-spacer spacer-69e7a176cf78d\" data-id=\"69e7a176cf78d\" data-height=\"20\" data-height-mobile=\"20\" data-height-tab=\"20\" data-height-tab-portrait=\"\" data-height-mobile-landscape=\"\" style=\"clear:both;display:block;\"><\/div><div class=\"wpb_text_column\" ><div class=\"wpb_wrapper\"><p><strong>Bankverbindung<br \/>\n<\/strong>Empf\u00e4nger: LE CERNIE DI SILEONI CLAUDIO<br \/>\nIBAN: IT42B3609201600374516972692<br \/>\nBIC\/SWIFT: QNTOITM2XXX<br \/>\nBank: QONTO<\/p>\n<\/div><\/div><div class=\"ult-spacer spacer-69e7a176cf839\" data-id=\"69e7a176cf839\" data-height=\"40\" data-height-mobile=\"40\" data-height-tab=\"40\" data-height-tab-portrait=\"\" data-height-mobile-landscape=\"\" style=\"clear:both;display:block;\"><\/div><\/div><\/div><\/div><\/div><\/div><\/section>\n","protected":false},"excerpt":{"rendered":"PREISLISTE Hier finden Sie alle aktuellen und vergangenen Preislisten PREISLISTE n.1\/2026 G\u00fcltig f\u00fcr Buchungen vom 01.01.2026 Die Preise in dieser Preisliste gelten nur f\u00fcr Buchungen \u00fcber das Internet auf unserer Seite. Sie enthalten 10% MwSt. Und die Kurtaxe ist nicht enthalten. F\u00fcr diejenigen, die nicht buchen, gelten die in der Richtung bei der Ankunft angezeigten...","protected":false},"author":2,"featured_media":0,"parent":0,"menu_order":0,"comment_status":"closed","ping_status":"closed","template":"","meta":[],"yoast_head":"<!-- This site is optimized with the Yoast SEO plugin v15.4 - https:\/\/yoast.com\/wordpress\/plugins\/seo\/ -->\n<title>Preise Camping Le Cernie, Campingplatz auf dem Ogliastra See, Arbatax<\/title>\n<meta name=\"description\" content=\"Entdecken Sie die Preisliste von Camping Le Cernie in Sardinien, f\u00fcr einen Urlaub zwischen Arbatax und Santa Maria Navarrese.\" \/>\n<meta name=\"robots\" content=\"index, follow, max-snippet:-1, max-image-preview:large, max-video-preview:-1\" \/>\n<link rel=\"canonical\" href=\"https:\/\/www.campinglecernie.it\/de\/preisliste\/\" \/>\n<meta property=\"og:locale\" content=\"de_DE\" \/>\n<meta property=\"og:type\" content=\"article\" \/>\n<meta property=\"og:title\" content=\"Preise Camping Le Cernie, Campingplatz auf dem Ogliastra See, Arbatax\" \/>\n<meta property=\"og:description\" content=\"Entdecken Sie die Preisliste von Camping Le Cernie in Sardinien, f\u00fcr einen Urlaub zwischen Arbatax und Santa Maria Navarrese.\" \/>\n<meta property=\"og:url\" content=\"https:\/\/www.campinglecernie.it\/de\/preisliste\/\" \/>\n<meta property=\"og:site_name\" content=\"Camping le Cernie\" \/>\n<meta property=\"article:publisher\" content=\"https:\/\/www.facebook.com\/Camping-Village-Le-Cernie-111764305517571\" \/>\n<meta property=\"article:modified_time\" content=\"2026-01-26T00:05:12+00:00\" \/>\n<meta name=\"twitter:card\" content=\"summary_large_image\" \/>\n<meta name=\"twitter:label1\" content=\"Verfasst von\">\n\t<meta name=\"twitter:data1\" content=\"redazione\">\n\t<meta name=\"twitter:label2\" content=\"Gesch\u00e4tzte Lesezeit\">\n\t<meta name=\"twitter:data2\" content=\"3\u00a0Minuten\">\n<!-- \/ Yoast SEO plugin. -->","_links":{"self":[{"href":"https:\/\/www.campinglecernie.it\/de\/wp-json\/wp\/v2\/pages\/1640"}],"collection":[{"href":"https:\/\/www.campinglecernie.it\/de\/wp-json\/wp\/v2\/pages"}],"about":[{"href":"https:\/\/www.campinglecernie.it\/de\/wp-json\/wp\/v2\/types\/page"}],"author":[{"embeddable":true,"href":"https:\/\/www.campinglecernie.it\/de\/wp-json\/wp\/v2\/users\/2"}],"replies":[{"embeddable":true,"href":"https:\/\/www.campinglecernie.it\/de\/wp-json\/wp\/v2\/comments?post=1640"}],"version-history":[{"count":0,"href":"https:\/\/www.campinglecernie.it\/de\/wp-json\/wp\/v2\/pages\/1640\/revisions"}],"wp:attachment":[{"href":"https:\/\/www.campinglecernie.it\/de\/wp-json\/wp\/v2\/media?parent=1640"}],"curies":[{"name":"wp","href":"https:\/\/api.w.org\/{rel}","templated":true}]}}